{"id":183,"date":"2017-01-03T05:33:57","date_gmt":"2017-01-03T05:33:57","guid":{"rendered":"https:\/\/raratheme.com\/preview\/construction-landing-page\/?page_id=183"},"modified":"2026-01-25T10:20:10","modified_gmt":"2026-01-25T10:20:10","slug":"about-construction","status":"publish","type":"page","link":"https:\/\/budario.pl\/?page_id=183","title":{"rendered":"O Budario"},"content":{"rendered":"\n<p>Jeste\u015bmy firm\u0105 budowaln\u0105 z ponad 40-letnimi tradycjami. Zajmujemy si\u0119 sprzeda\u017c\u0105 materia\u0142\u00f3w budowlanych oraz oferujemy kompleksowe us\u0142ugi budowlane.<\/p>\n","protected":false},"excerpt":{"rendered":"<p>Jeste\u015bmy firm\u0105 budowaln\u0105 z ponad 40-letnimi tradycjami. Zajmujemy si\u0119 sprzeda\u017c\u0105 materia\u0142\u00f3w budowlanych oraz oferujemy kompleksowe us\u0142ugi budowlane.<\/p>\n","protected":false},"author":1,"featured_media":242,"parent":0,"menu_order":0,"comment_status":"closed","ping_status":"closed","template":"","meta":{"footnotes":""},"class_list":["post-183","page","type-page","status-publish","has-post-thumbnail","hentry"],"_links":{"self":[{"href":"https:\/\/budario.pl\/index.php?rest_route=\/wp\/v2\/pages\/183","targetHints":{"allow":["GET"]}}],"collection":[{"href":"https:\/\/budario.pl\/index.php?rest_route=\/wp\/v2\/pages"}],"about":[{"href":"https:\/\/budario.pl\/index.php?rest_route=\/wp\/v2\/types\/page"}],"author":[{"embeddable":true,"href":"https:\/\/budario.pl\/index.php?rest_route=\/wp\/v2\/users\/1"}],"replies":[{"embeddable":true,"href":"https:\/\/budario.pl\/index.php?rest_route=%2Fwp%2Fv2%2Fcomments&post=183"}],"version-history":[{"count":4,"href":"https:\/\/budario.pl\/index.php?rest_route=\/wp\/v2\/pages\/183\/revisions"}],"predecessor-version":[{"id":405,"href":"https:\/\/budario.pl\/index.php?rest_route=\/wp\/v2\/pages\/183\/revisions\/405"}],"wp:featuredmedia":[{"embeddable":true,"href":"https:\/\/budario.pl\/index.php?rest_route=\/wp\/v2\/media\/242"}],"wp:attachment":[{"href":"https:\/\/budario.pl\/index.php?rest_route=%2Fwp%2Fv2%2Fmedia&parent=183"}],"curies":[{"name":"wp","href":"https:\/\/api.w.org\/{rel}","templated":true}]}}