{"id":373,"date":"2016-12-28T05:53:52","date_gmt":"2016-12-28T05:53:52","guid":{"rendered":"https:\/\/raratheme.com\/preview\/construction-landing-page\/?page_id=8"},"modified":"2026-01-25T10:10:10","modified_gmt":"2026-01-25T10:10:10","slug":"home","status":"publish","type":"page","link":"https:\/\/budario.pl\/","title":{"rendered":"Skorzystaj z naszych sprawdzonych us\u0142ug i zbuduj dom swoich marze\u0144"},"content":{"rendered":"\n<p>Proces projektowania, wznoszenia i eksploatacji budynk\u00f3w jest najcz\u0119\u015bciej wynikiem zbiorowego wysi\u0142ku r\u00f3\u017cnych grup profesjonalist\u00f3w i przedstawicieli r\u00f3\u017cnych bran\u017c.<\/p>\n\n\n\n<p><\/p>\n","protected":false},"excerpt":{"rendered":"<p>Proces projektowania, wznoszenia i eksploatacji budynk\u00f3w jest najcz\u0119\u015bciej wynikiem zbiorowego wysi\u0142ku r\u00f3\u017cnych grup profesjonalist\u00f3w i przedstawicieli r\u00f3\u017cnych bran\u017c.<\/p>\n","protected":false},"author":1,"featured_media":222,"parent":0,"menu_order":0,"comment_status":"closed","ping_status":"closed","template":"template-home.php","meta":{"footnotes":""},"class_list":["post-373","page","type-page","status-publish","has-post-thumbnail","hentry"],"_links":{"self":[{"href":"https:\/\/budario.pl\/index.php?rest_route=\/wp\/v2\/pages\/373","targetHints":{"allow":["GET"]}}],"collection":[{"href":"https:\/\/budario.pl\/index.php?rest_route=\/wp\/v2\/pages"}],"about":[{"href":"https:\/\/budario.pl\/index.php?rest_route=\/wp\/v2\/types\/page"}],"author":[{"embeddable":true,"href":"https:\/\/budario.pl\/index.php?rest_route=\/wp\/v2\/users\/1"}],"replies":[{"embeddable":true,"href":"https:\/\/budario.pl\/index.php?rest_route=%2Fwp%2Fv2%2Fcomments&post=373"}],"version-history":[{"count":1,"href":"https:\/\/budario.pl\/index.php?rest_route=\/wp\/v2\/pages\/373\/revisions"}],"predecessor-version":[{"id":397,"href":"https:\/\/budario.pl\/index.php?rest_route=\/wp\/v2\/pages\/373\/revisions\/397"}],"wp:featuredmedia":[{"embeddable":true,"href":"https:\/\/budario.pl\/index.php?rest_route=\/wp\/v2\/media\/222"}],"wp:attachment":[{"href":"https:\/\/budario.pl\/index.php?rest_route=%2Fwp%2Fv2%2Fmedia&parent=373"}],"curies":[{"name":"wp","href":"https:\/\/api.w.org\/{rel}","templated":true}]}}